{"id":5,"date":"2021-02-01T23:38:35","date_gmt":"2021-02-01T23:38:35","guid":{"rendered":"https:\/\/kiwimediasolutions.com\/?page_id=5"},"modified":"2026-03-09T10:29:02","modified_gmt":"2026-03-09T15:29:02","slug":"inicio","status":"publish","type":"page","link":"https:\/\/kiwimediasolutions.com\/es\/","title":{"rendered":"Inicio"},"content":{"rendered":"<p>[et_pb_section fb_built=&#8221;1&#8243; fullwidth=&#8221;on&#8221; _builder_version=&#8221;4.7.7&#8243; _module_preset=&#8221;default&#8221;][et_pb_fullwidth_code _builder_version=&#8221;4.7.7&#8243; _module_preset=&#8221;default&#8221; custom_padding=&#8221;9px|||||&#8221; border_width_bottom=&#8221;1px&#8221; border_color_bottom=&#8221;#e5e5e5&#8243;][\/et_pb_fullwidth_code][\/et_pb_section][et_pb_section fb_built=&#8221;1&#8243; fullwidth=&#8221;on&#8221; admin_label=&#8221;inicioescritorio&#8221; module_class=&#8221;inicioescritorio&#8221; _builder_version=&#8221;4.7.7&#8243; background_enable_video_mp4=&#8221;off&#8221;][et_pb_fullwidth_slider _builder_version=&#8221;4.7.7&#8243; _module_preset=&#8221;default&#8221; header_level=&#8221;h1&#8243; header_font=&#8221;|800|||||||&#8221; header_text_color=&#8221;#000000&#8243; body_font=&#8221;|600|||||||&#8221; body_text_align=&#8221;right&#8221; body_text_color=&#8221;#000000&#8243; body_font_size=&#8221;19px&#8221; body_line_height=&#8221;1.8em&#8221; background_color=&#8221;#ffffff&#8221; background_image=&#8221;https:\/\/kiwimediasolutions.com\/wp-content\/uploads\/2026\/02\/tik1.gif&#8221; background_position=&#8221;top_right&#8221; background_enable_video_mp4=&#8221;off&#8221; custom_button=&#8221;on&#8221; button_text_color=&#8221;#ffffff&#8221; button_bg_color=&#8221;#000000&#8243; text_orientation=&#8221;right&#8221; custom_margin=&#8221;||60px|||&#8221; custom_padding=&#8221;202px||174px|||&#8221; text_shadow_style=&#8221;preset5&#8243; text_shadow_vertical_length=&#8221;0.05em&#8221; text_shadow_color=&#8221;#ffffff&#8221;][et_pb_slide button_link=&#8221;https:\/\/kiwimediasolutions.com\/tienda\/&#8221; url_new_window=&#8221;on&#8221; content_tablet=&#8221;&#8221; content_phone=&#8221;&#8221; content_last_edited=&#8221;on|phone&#8221; _builder_version=&#8221;4.7.7&#8243; _module_preset=&#8221;default&#8221; header_font=&#8221;Arial|800|||||||&#8221; header_text_align=&#8221;right&#8221; header_text_color=&#8221;#000000&#8243; body_font=&#8221;Arial|600|||||||&#8221; body_text_align=&#8221;right&#8221; body_text_color=&#8221;#000000&#8243; custom_button=&#8221;on&#8221; button_bg_color=&#8221;#778d9a&#8221; button_border_color=&#8221;#778d9a&#8221; button_font=&#8221;||||||||&#8221; button_icon=&#8221;%%114%%&#8221; button_on_hover=&#8221;on&#8221; text_orientation=&#8221;right&#8221; header_font_tablet=&#8221;&#8221; header_font_phone=&#8221;&#8221; header_font_last_edited=&#8221;on|phone&#8221; border_color_all_image=&#8221;#ffffff&#8221; sticky_transition=&#8221;on&#8221;]<\/p>\n<h1><strong><span color=\"#000000\" style=\"color: #000000;\">Designed for<\/span><\/strong><\/h1>\n<h1><strong><span style=\"color: #000000;\">the city. <\/span><\/strong><\/h1>\n<h1><strong><span color=\"#000000\" style=\"color: #000000;\">built\u00a0<\/span><\/strong><\/h1>\n<h1><strong><span color=\"#000000\" style=\"color: #000000;\">to last<\/span><\/strong><\/h1>\n<p>[\/et_pb_slide][\/et_pb_fullwidth_slider][\/et_pb_section][et_pb_section fb_built=&#8221;1&#8243; fullwidth=&#8221;on&#8221; admin_label=&#8221;inicioescritorio&#8221; module_class=&#8221;iniciomovil&#8221; _builder_version=&#8221;4.7.7&#8243; background_enable_video_mp4=&#8221;off&#8221;][et_pb_fullwidth_header module_class=&#8221;gifmovil&#8221; _builder_version=&#8221;4.7.7&#8243; _module_preset=&#8221;default&#8221; background_color=&#8221;#ffffff&#8221; background_image=&#8221;https:\/\/kiwimediasolutions.com\/wp-content\/uploads\/2026\/02\/yt-1.gif&#8221; background_enable_video_mp4=&#8221;off&#8221; custom_padding=&#8221;||||false|false&#8221; custom_padding_last_edited=&#8221;off|phone&#8221;][\/et_pb_fullwidth_header][et_pb_fullwidth_header text_orientation=&#8221;center&#8221; _builder_version=&#8221;4.7.7&#8243; _module_preset=&#8221;default&#8221; title_font=&#8221;Arial||||||||&#8221; background_color=&#8221;#ffffff&#8221; custom_button_one=&#8221;on&#8221; button_one_text_color=&#8221;#ffffff&#8221; button_one_bg_color=&#8221;#778d9a&#8221; button_one_border_width=&#8221;0px&#8221; button_one_border_color=&#8221;#ffffff&#8221; button_one_icon=&#8221;%%114%%&#8221; custom_margin=&#8221;||-3px|||&#8221; custom_padding=&#8221;12px||4px|||&#8221;]<\/p>\n<h1><\/h1>\n<h1><strong><span color=\"#000000\" style=\"color: #000000;\">Designed for<\/span><\/strong><\/h1>\n<h1><strong><span style=\"color: #000000;\">the city. <\/span><\/strong><\/h1>\n<h1><strong><span color=\"#000000\" style=\"color: #000000;\">built<\/span><\/strong><\/h1>\n<h1><strong><span color=\"#000000\" style=\"color: #000000;\">to last<\/span><\/strong><\/h1>\n<p>[\/et_pb_fullwidth_header][\/et_pb_section][et_pb_section fb_built=&#8221;1&#8243; _builder_version=&#8221;4.7.7&#8243; background_enable_image=&#8221;off&#8221; parallax=&#8221;on&#8221; custom_margin=&#8221;7px|||||&#8221; custom_padding=&#8221;1px||4px|||&#8221;][et_pb_row _builder_version=&#8221;3.27.4&#8243; custom_margin=&#8221;|auto|-17px|auto||&#8221; custom_padding=&#8221;0px||1px|||&#8221;][et_pb_column type=&#8221;4_4&#8243; _builder_version=&#8221;3.27.4&#8243;][et_pb_text _builder_version=&#8221;4.7.7&#8243; text_font=&#8221;Arial|700|||||||&#8221; text_text_color=&#8221;#778D9A&#8221; text_font_size=&#8221;20px&#8221; text_orientation=&#8221;center&#8221; custom_margin=&#8221;||50px|||&#8221;]<\/p>\n<p><span style=\"color: #000000;\">LUXURY CONFORT. <\/span><\/p>\n<p><span style=\"color: #000000;\">STREET-READY.<\/span><br \/> <span style=\"color: #000000;\"> __________<\/span><\/p>\n<p>[\/et_pb_text][\/et_pb_column][\/et_pb_row][et_pb_row column_structure=&#8221;1_2,1_2&#8243; _builder_version=&#8221;4.7.7&#8243; _module_preset=&#8221;default&#8221; background_enable_image=&#8221;off&#8221; custom_margin=&#8221;-1px|auto|-1px|auto|true|&#8221; custom_padding=&#8221;3px||3px|||&#8221;][et_pb_column type=&#8221;1_2&#8243; _builder_version=&#8221;4.7.7&#8243; _module_preset=&#8221;default&#8221;][et_pb_slider _builder_version=&#8221;4.7.7&#8243; _module_preset=&#8221;default&#8221; custom_margin=&#8221;||100px|||&#8221; custom_padding=&#8221;402px||52px|63px||&#8221; link_option_url=&#8221;#&#8221;][et_pb_slide heading=&#8221;T-SHIRTS&#8221; use_bg_overlay=&#8221;off&#8221; use_text_overlay=&#8221;off&#8221; _builder_version=&#8221;4.7.7&#8243; _module_preset=&#8221;default&#8221; header_font=&#8221;|700|||||||&#8221; header_text_align=&#8221;left&#8221; header_text_color=&#8221;#ffffff&#8221; background_enable_color=&#8221;off&#8221; background_image=&#8221;https:\/\/kiwimediasolutions.com\/wp-content\/uploads\/2026\/02\/IMG_8075-scaled.jpg&#8221; background_enable_image=&#8221;on&#8221; background_size=&#8221;contain&#8221; text_orientation=&#8221;left&#8221; background_layout=&#8221;light&#8221; header_text_shadow_style=&#8221;preset3&#8243; body_text_shadow_style=&#8221;preset5&#8243; sticky_transition=&#8221;on&#8221;][\/et_pb_slide][\/et_pb_slider][\/et_pb_column][et_pb_column type=&#8221;1_2&#8243; _builder_version=&#8221;4.7.7&#8243; _module_preset=&#8221;default&#8221;][et_pb_slider _builder_version=&#8221;4.7.7&#8243; _module_preset=&#8221;default&#8221; custom_margin=&#8221;||100px|||&#8221; custom_padding=&#8221;402px||52px|63px||&#8221; link_option_url=&#8221;#&#8221;][et_pb_slide heading=&#8221;TANKS&#8221; _builder_version=&#8221;4.7.7&#8243; _module_preset=&#8221;default&#8221; header_font=&#8221;|700|||||||&#8221; header_text_align=&#8221;left&#8221; header_text_color=&#8221;#ffffff&#8221; background_enable_color=&#8221;off&#8221; background_image=&#8221;https:\/\/kiwimediasolutions.com\/wp-content\/uploads\/2026\/02\/IMG_8102-scaled.jpg&#8221; background_enable_image=&#8221;on&#8221; background_size=&#8221;contain&#8221; text_orientation=&#8221;left&#8221; background_layout=&#8221;light&#8221; header_text_shadow_style=&#8221;preset3&#8243; sticky_transition=&#8221;on&#8221;][\/et_pb_slide][\/et_pb_slider][\/et_pb_column][\/et_pb_row][\/et_pb_section][et_pb_section fb_built=&#8221;1&#8243; _builder_version=&#8221;4.7.7&#8243; background_enable_image=&#8221;off&#8221; parallax=&#8221;on&#8221; custom_padding=&#8221;1px||4px|||&#8221;][et_pb_row _builder_version=&#8221;4.7.7&#8243; _module_preset=&#8221;default&#8221; background_color=&#8221;rgba(0,0,0,0)&#8221; background_image=&#8221;https:\/\/kiwimediasolutions.com\/wp-content\/uploads\/2026\/02\/0202_Social_Title_Mob_768x800.webp&#8221; background_size=&#8221;contain&#8221; min_height=&#8221;263px&#8221; custom_margin=&#8221;-8px|auto|-8px|auto|true|&#8221; custom_padding=&#8221;7px||3px|||&#8221;][et_pb_column type=&#8221;4_4&#8243; _builder_version=&#8221;4.7.7&#8243; _module_preset=&#8221;default&#8221;][\/et_pb_column][\/et_pb_row][et_pb_row _builder_version=&#8221;4.7.7&#8243; _module_preset=&#8221;default&#8221; custom_padding=&#8221;5px||50px|||&#8221;][et_pb_column type=&#8221;4_4&#8243; _builder_version=&#8221;4.7.7&#8243; _module_preset=&#8221;default&#8221;][et_pb_social_media_follow _builder_version=&#8221;4.7.7&#8243; _module_preset=&#8221;default&#8221; text_orientation=&#8221;center&#8221; custom_padding=&#8221;50px|||||&#8221;][et_pb_social_media_follow_network social_network=&#8221;facebook&#8221; url=&#8221;https:\/\/www.instagram.com\/bonkerz.cloth\/&#8221; _builder_version=&#8221;4.7.7&#8243; _module_preset=&#8221;default&#8221; background_color=&#8221;#000000&#8243; background_enable_color=&#8221;on&#8221; follow_button=&#8221;off&#8221; url_new_window=&#8221;on&#8221;]facebook[\/et_pb_social_media_follow_network][et_pb_social_media_follow_network social_network=&#8221;instagram&#8221; url=&#8221;https:\/\/www.instagram.com\/bonkerz.cloth\/&#8221; _builder_version=&#8221;4.7.7&#8243; _module_preset=&#8221;default&#8221; background_color=&#8221;#000000&#8243; background_enable_color=&#8221;on&#8221; follow_button=&#8221;off&#8221; url_new_window=&#8221;on&#8221;]instagram[\/et_pb_social_media_follow_network][\/et_pb_social_media_follow][\/et_pb_column][\/et_pb_row][\/et_pb_section][et_pb_section fb_built=&#8221;1&#8243; _builder_version=&#8221;3.27.4&#8243; background_enable_image=&#8221;off&#8221; custom_padding=&#8221;2px||0px|||&#8221;][et_pb_row _builder_version=&#8221;3.27.4&#8243; custom_margin=&#8221;|auto|-17px|auto||&#8221; custom_padding=&#8221;0px||1px|||&#8221;][et_pb_column type=&#8221;4_4&#8243; _builder_version=&#8221;3.27.4&#8243;][et_pb_text _builder_version=&#8221;4.7.7&#8243; text_font=&#8221;Arial|700|||||||&#8221; text_text_color=&#8221;#778D9A&#8221; text_font_size=&#8221;20px&#8221; text_orientation=&#8221;center&#8221; custom_margin=&#8221;||50px|||&#8221;]<\/p>\n<p><span style=\"color: #000000;\">DROP 111 &#8211; URBAN PACE<\/span><br \/> <span style=\"color: #000000;\"> __________<\/span><\/p>\n<p>[\/et_pb_text][\/et_pb_column][\/et_pb_row][\/et_pb_section][et_pb_section fb_built=&#8221;1&#8243; _builder_version=&#8221;4.7.7&#8243; _module_preset=&#8221;default&#8221; background_enable_image=&#8221;off&#8221; min_height=&#8221;206px&#8221; custom_padding=&#8221;5px||5px|||&#8221;][et_pb_row _builder_version=&#8221;3.27.4&#8243; min_height=&#8221;180px&#8221; custom_margin=&#8221;2px|auto|2px|auto||&#8221; custom_padding=&#8221;10px||2px|||&#8221;][et_pb_column type=&#8221;4_4&#8243; _builder_version=&#8221;3.27.4&#8243;][et_pb_slider _builder_version=&#8221;4.7.7&#8243; _module_preset=&#8221;default&#8221; custom_margin=&#8221;||75px|||&#8221; custom_padding=&#8221;212px||252px|99px||&#8221; hover_enabled=&#8221;0&#8243; sticky_enabled=&#8221;0&#8243;][et_pb_slide button_text=&#8221;SHOP&#8221; button_link=&#8221;https:\/\/shop.bonkerzbrand.com\/&#8221; use_bg_overlay=&#8221;off&#8221; use_text_overlay=&#8221;off&#8221; _builder_version=&#8221;4.7.7&#8243; _module_preset=&#8221;default&#8221; header_level=&#8221;h2&#8243; header_font=&#8221;|700|||||||&#8221; header_text_align=&#8221;center&#8221; background_enable_color=&#8221;off&#8221; background_image=&#8221;https:\/\/kiwimediasolutions.com\/wp-content\/uploads\/2026\/02\/3.png&#8221; background_enable_image=&#8221;on&#8221; custom_button=&#8221;on&#8221; button_text_color=&#8221;#ffffff&#8221; button_bg_color=&#8221;#000000&#8243; button_border_color=&#8221;#000000&#8243; button_icon=&#8221;%%3%%&#8221; button_icon_color=&#8221;#ffffff&#8221; hover_enabled=&#8221;0&#8243; sticky_transition=&#8221;on&#8221; button_use_icon=&#8221;on&#8221; sticky_enabled=&#8221;0&#8243;][\/et_pb_slide][\/et_pb_slider][\/et_pb_column][\/et_pb_row][\/et_pb_section]<\/p>\n","protected":false},"excerpt":{"rendered":"<p>[et_pb_section fb_built=&#8221;1&#8243; fullwidth=&#8221;on&#8221; _builder_version=&#8221;4.7.7&#8243; _module_preset=&#8221;default&#8221;][et_pb_fullwidth_code _builder_version=&#8221;4.7.7&#8243; _module_preset=&#8221;default&#8221; custom_padding=&#8221;9px|||||&#8221; border_width_bottom=&#8221;1px&#8221; border_color_bottom=&#8221;#e5e5e5&#8243;][\/et_pb_fullwidth_code][\/et_pb_section][et_pb_section fb_built=&#8221;1&#8243; fullwidth=&#8221;on&#8221; admin_label=&#8221;inicioescritorio&#8221; module_class=&#8221;inicioescritorio&#8221; _builder_version=&#8221;4.7.7&#8243; background_enable_video_mp4=&#8221;off&#8221;][et_pb_fullwidth_slider _builder_version=&#8221;4.7.7&#8243; _module_preset=&#8221;default&#8221; header_level=&#8221;h1&#8243; header_font=&#8221;|800|||||||&#8221; header_text_color=&#8221;#000000&#8243; body_font=&#8221;|600|||||||&#8221; body_text_align=&#8221;right&#8221; body_text_color=&#8221;#000000&#8243; body_font_size=&#8221;19px&#8221; body_line_height=&#8221;1.8em&#8221; background_color=&#8221;#ffffff&#8221; background_image=&#8221;https:\/\/kiwimediasolutions.com\/wp-content\/uploads\/2026\/02\/tik1.gif&#8221; background_position=&#8221;top_right&#8221; background_enable_video_mp4=&#8221;off&#8221; custom_button=&#8221;on&#8221; button_text_color=&#8221;#ffffff&#8221; button_bg_color=&#8221;#000000&#8243; text_orientation=&#8221;right&#8221; custom_margin=&#8221;||60px|||&#8221; custom_padding=&#8221;202px||174px|||&#8221; text_shadow_style=&#8221;preset5&#8243; text_shadow_vertical_length=&#8221;0.05em&#8221; text_shadow_color=&#8221;#ffffff&#8221;][et_pb_slide button_link=&#8221;https:\/\/kiwimediasolutions.com\/tienda\/&#8221; url_new_window=&#8221;on&#8221; content_tablet=&#8221;&#8221; content_phone=&#8221;&#8221; content_last_edited=&#8221;on|phone&#8221; _builder_version=&#8221;4.7.7&#8243; _module_preset=&#8221;default&#8221; header_font=&#8221;Arial|800|||||||&#8221; header_text_align=&#8221;right&#8221; header_text_color=&#8221;#000000&#8243; body_font=&#8221;Arial|600|||||||&#8221; body_text_align=&#8221;right&#8221; body_text_color=&#8221;#000000&#8243; custom_button=&#8221;on&#8221; button_bg_color=&#8221;#778d9a&#8221; button_border_color=&#8221;#778d9a&#8221; [&hellip;]<\/p>\n","protected":false},"author":1,"featured_media":0,"parent":0,"menu_order":0,"comment_status":"closed","ping_status":"closed","template":"","meta":{"_et_pb_use_builder":"on","_et_pb_old_content":"<!-- wp:table -->\r\n<figure class=\"wp-block-table\"><table><tbody><tr><td><\/td><td>\u00a0<\/td><\/tr><tr><td>[et_pb_section fb_built=\"1\" fullwidth=\"on\" _builder_version=\"3.27.4\"][et_pb_fullwidth_slider _builder_version=\"4.7.7\" background_enable_color=\"off\" custom_padding=\"397px||188px|||\" hover_transition_duration=\"3000ms\"][et_pb_slide _builder_version=\"4.7.7\" background_enable_color=\"off\" background_image=\"https:\/\/kiwimediasolutions.com\/wp-content\/uploads\/2021\/02\/4106482a82fb39525d901293a5d20f9b.jpg\" background_enable_image=\"on\" hover_transition_duration=\"150ms\" hover_transition_delay=\"3000ms\" sticky_transition=\"on\"][\/et_pb_slide][\/et_pb_fullwidth_slider][\/et_pb_section][et_pb_section fb_built=\"1\" _builder_version=\"4.7.7\" _module_preset=\"default\" custom_padding=\"50px||50px|||\"][et_pb_row column_structure=\"1_4,1_4,1_4,1_4\" _builder_version=\"4.7.7\" _module_preset=\"default\" custom_padding=\"0px||1px|||\"][et_pb_column type=\"1_4\" _builder_version=\"4.7.7\" _module_preset=\"default\"][et_pb_image src=\"https:\/\/kiwimediasolutions.com\/wp-content\/uploads\/2021\/04\/P15.png\" title_text=\"P15\" align=\"center\" _builder_version=\"4.7.7\" _module_preset=\"default\" custom_margin=\"||16px|||\"][\/et_pb_image][et_pb_text _builder_version=\"4.7.7\" _module_preset=\"default\" text_font=\"||||||||\" text_text_color=\"#8f8f8f\" text_orientation=\"center\"]<p><strong>Servicio al cliente<\/strong><br \/> (51) 947 276 429<\/p>[\/et_pb_text][\/et_pb_column][et_pb_column type=\"1_4\" _builder_version=\"4.7.7\" _module_preset=\"default\"][et_pb_image src=\"https:\/\/kiwimediasolutions.com\/wp-content\/uploads\/2021\/04\/p7.png\" title_text=\"p7\" align=\"center\" _builder_version=\"4.7.7\" _module_preset=\"default\" custom_margin=\"20px||15px|||\"][\/et_pb_image][et_pb_text _builder_version=\"4.7.7\" _module_preset=\"default\" text_font=\"||||||||\" text_text_color=\"#8f8f8f\" text_orientation=\"center\"]<p><strong>Env\u00edo gratis<\/strong><br \/> Desde S\/99.00<\/p>[\/et_pb_text][\/et_pb_column][et_pb_column type=\"1_4\" _builder_version=\"4.7.7\" _module_preset=\"default\"][et_pb_image src=\"https:\/\/kiwimediasolutions.com\/wp-content\/uploads\/2021\/04\/p6.png\" title_text=\"p6\" align=\"center\" _builder_version=\"4.7.7\" _module_preset=\"default\" custom_margin=\"||10px|||\"][\/et_pb_image][et_pb_text _builder_version=\"4.7.7\" _module_preset=\"default\" text_font=\"||||||||\" text_text_color=\"#8f8f8f\" text_orientation=\"center\"]<p><strong>Devoluci\u00f3n<\/strong><br \/> Cambios y devoluciones<\/p>[\/et_pb_text][\/et_pb_column][et_pb_column type=\"1_4\" _builder_version=\"4.7.7\" _module_preset=\"default\"][et_pb_image src=\"https:\/\/kiwimediasolutions.com\/wp-content\/uploads\/2021\/04\/P10.png\" title_text=\"P10\" align=\"center\" _builder_version=\"4.7.7\" _module_preset=\"default\" min_height=\"100px\" height=\"100px\"][\/et_pb_image][et_pb_text _builder_version=\"4.7.7\" _module_preset=\"default\" text_font=\"||||||||\" text_text_color=\"#8f8f8f\" text_orientation=\"center\" custom_margin=\"-17px|||||\"]<p><strong>Ahorra<\/strong><br \/> Mejores ofertas online<\/p>[\/et_pb_text][\/et_pb_column][\/et_pb_row][\/et_pb_section][et_pb_section fb_built=\"1\" _builder_version=\"4.7.7\" background_enable_image=\"off\" parallax=\"on\" custom_padding=\"0px||4px|||\"][et_pb_row _builder_version=\"4.7.7\" _module_preset=\"default\" background_enable_image=\"off\" custom_margin=\"-1px|auto|-1px|auto|true|\" custom_padding=\"||3px|||\"][et_pb_column type=\"4_4\" _builder_version=\"4.7.7\" _module_preset=\"default\"][et_pb_image src=\"https:\/\/kiwimediasolutions.com\/wp-content\/uploads\/2021\/02\/banner3.jpg\" title_text=\"banner3\" _builder_version=\"4.7.7\" _module_preset=\"default\"][\/et_pb_image][\/et_pb_column][\/et_pb_row][\/et_pb_section][et_pb_section fb_built=\"1\" _builder_version=\"3.27.4\" background_enable_image=\"off\" custom_padding=\"2px||0px|||\"][et_pb_row _builder_version=\"3.27.4\" custom_padding=\"3px|||||\"][et_pb_column type=\"4_4\" _builder_version=\"3.27.4\"][et_pb_text _builder_version=\"4.7.7\" text_font=\"Arial|700|||||||\" text_text_color=\"#324CA1\" text_font_size=\"20px\" text_orientation=\"center\" custom_margin=\"50px|||||\"]<p><span>\u00a0 EN TENDENCIA\u00a0\u00a0<\/span><br \/> <span style=\"color: #33cccc;\">__________<\/span><\/p>[\/et_pb_text][\/et_pb_column][\/et_pb_row][et_pb_row _builder_version=\"3.27.4\" custom_margin=\"|auto|40px|auto||\" custom_padding=\"0px|||||\"][et_pb_column type=\"4_4\" _builder_version=\"3.27.4\"][et_pb_code _builder_version=\"3.27.4\" custom_margin=\"||51px|||\"][woo_product_slider id=\"56\"][\/et_pb_code][et_pb_image src=\"https:\/\/kiwimediasolutions.com\/wp-content\/uploads\/2021\/02\/banner-envios-728-x-90-.jpg\" title_text=\"banner - envios - 728 x 90 -\" align=\"center\" _builder_version=\"4.7.7\" _module_preset=\"default\" custom_margin=\"5px||-7px|||\"][\/et_pb_image][et_pb_image src=\"https:\/\/kiwimediasolutions.com\/wp-content\/uploads\/2021\/04\/ttt-1.jpg\" title_text=\"ttt-1\" _builder_version=\"4.7.7\" custom_margin=\"65px|||||\"][\/et_pb_image][\/et_pb_column][\/et_pb_row][et_pb_row _builder_version=\"3.27.4\" custom_margin=\"|auto|-1px|auto||\" custom_padding=\"0px||24px|||\"][et_pb_column type=\"4_4\" _builder_version=\"3.27.4\"][et_pb_text _builder_version=\"4.7.7\" text_font=\"Arial|700|||||||\" text_text_color=\"#324CA1\" text_font_size=\"20px\" text_orientation=\"center\" custom_margin=\"||45px|||\"]<p><span>\u00a0 LOS M\u00c1S VENDIDOS\u00a0\u00a0<\/span><br \/> <span style=\"color: #33cccc;\">__________<\/span><\/p>[\/et_pb_text][et_pb_code _builder_version=\"3.27.4\" custom_margin=\"-28px||-1px|||\"][woo_product_slider id=\"98\"][\/et_pb_code][\/et_pb_column][\/et_pb_row][\/et_pb_section][et_pb_section fb_built=\"1\" _builder_version=\"4.7.7\" _module_preset=\"default\" min_height=\"206px\" custom_padding=\"5px||5px|||\" hover_enabled=\"0\" background_enable_image=\"off\" sticky_enabled=\"0\"][et_pb_row _builder_version=\"3.27.4\" min_height=\"180px\" custom_margin=\"2px|auto|2px|auto||\" custom_padding=\"10px||100px|||\"][et_pb_column type=\"4_4\" _builder_version=\"3.27.4\"][et_pb_text _builder_version=\"4.7.7\" text_font=\"|700|||||||\" text_text_color=\"#324CA1\" text_font_size=\"30px\" text_line_height=\"1.8em\" text_orientation=\"center\" custom_margin=\"75px||-4px|||\" custom_padding=\"||17px|||\"]<p>#happyscratch<\/p>[\/et_pb_text][et_pb_text _builder_version=\"4.7.7\" text_font=\"|600|||||||\" text_text_color=\"#8f8f8f\" text_font_size=\"17px\" text_orientation=\"center\" custom_margin=\"||29px|||\"]<p><span>\u00a1Crea nuevos recuerdos en casa! S\u00edguenos en<\/span> <span style=\"color: #999999;\">@scratch.club<\/span> para actividades para ni\u00f1os, p\u00e1ginas para colorear y m\u00e1s.<\/p>[\/et_pb_text][et_pb_code _builder_version=\"4.7.7\" _module_preset=\"default\" custom_margin=\"42px|||||\"][insta-gallery id=\"2\"][\/et_pb_code][\/et_pb_column][\/et_pb_row][\/et_pb_section]<\/td><td>\u00a0<\/td><\/tr><tr><td><\/td><\/tr><\/tbody><\/table><\/figure>\r\n<!-- \/wp:table -->","_et_gb_content_width":"","footnotes":""},"class_list":["post-5","page","type-page","status-publish","hentry"],"_links":{"self":[{"href":"https:\/\/kiwimediasolutions.com\/es\/wp-json\/wp\/v2\/pages\/5","targetHints":{"allow":["GET"]}}],"collection":[{"href":"https:\/\/kiwimediasolutions.com\/es\/wp-json\/wp\/v2\/pages"}],"about":[{"href":"https:\/\/kiwimediasolutions.com\/es\/wp-json\/wp\/v2\/types\/page"}],"author":[{"embeddable":true,"href":"https:\/\/kiwimediasolutions.com\/es\/wp-json\/wp\/v2\/users\/1"}],"replies":[{"embeddable":true,"href":"https:\/\/kiwimediasolutions.com\/es\/wp-json\/wp\/v2\/comments?post=5"}],"version-history":[{"count":114,"href":"https:\/\/kiwimediasolutions.com\/es\/wp-json\/wp\/v2\/pages\/5\/revisions"}],"predecessor-version":[{"id":2102,"href":"https:\/\/kiwimediasolutions.com\/es\/wp-json\/wp\/v2\/pages\/5\/revisions\/2102"}],"wp:attachment":[{"href":"https:\/\/kiwimediasolutions.com\/es\/wp-json\/wp\/v2\/media?parent=5"}],"curies":[{"name":"wp","href":"https:\/\/api.w.org\/{rel}","templated":true}]}}